{"id":880,"date":"2021-02-06T16:49:08","date_gmt":"2021-02-06T16:49:08","guid":{"rendered":"http:\/\/104e.org\/?page_id=880"},"modified":"2021-03-26T14:00:31","modified_gmt":"2021-03-26T14:00:31","slug":"test2","status":"publish","type":"page","link":"http:\/\/104e.org\/?page_id=880","title":{"rendered":"diapo-104e"},"content":{"rendered":"\n<p class=\"has-text-align-center\">on passe d&#8217;une fiche \u00e0 l&#8217;autre en utilisant les petites fl\u00e8ches <img loading=\"lazy\" decoding=\"async\" width=\"56\" height=\"25\" class=\"wp-image-925\" style=\"width: 56px;\" src=\"http:\/\/104e.org\/wp-content\/uploads\/2021\/02\/Capture-decran-le-2021-02-08-a-21.59.49.png\" alt=\"\"> <br>(en haut \u00e0 gauche de chaque fiche)<\/p>\n\n\n\n<hr class=\"wp-block-separator\"\/>\n\n\n\n<p class=\"has-text-align-center\">ou avec les fl\u00e8ches du clavier en mode plein \u00e9cran <img loading=\"lazy\" decoding=\"async\" width=\"28\" height=\"24\" class=\"wp-image-923\" style=\"width: 28px;\" src=\"http:\/\/104e.org\/wp-content\/uploads\/2021\/02\/Capture-decran-le-2021-02-08-a-21.59.02.png\" alt=\"\"><br>(attention: on utilise la touche &#8220;esc&#8221; pour sortir du plein \u00e9cran!)<\/p>\n\n\n\n<hr class=\"wp-block-separator\"\/>\n\n\n\n<p class=\"has-text-align-center\">et on peut aussi consulter la table des mati\u00e8res <img loading=\"lazy\" decoding=\"async\" width=\"33\" height=\"25\" class=\"wp-image-927\" style=\"width: 33px;\" src=\"http:\/\/104e.org\/wp-content\/uploads\/2021\/02\/image.png\" alt=\"\"><\/p>\n\n\n\n<hr class=\"wp-block-separator\"\/>\n\n\n\n<p class=\"has-text-align-center\">bon voyage !<\/p>\n\n\n\n<p class=\"has-text-align-center DisplayModes:single\"><iframe loading=\"lazy\" class=\"wonderplugin-pdf-iframe\" src=\"http:\/\/104e.org\/wp-content\/plugins\/wonderplugin-pdf-embed\/pdfjs\/web\/viewer.html?v=2&disabledownload=1&disableprint=1&disabletext=1&disabledoc=1&disableopenfile=1&disablerightclick=1&file=http:\/\/104e.org\/wp-content\/uploads\/2021\/02\/104dia.pdf\" width=\"1000\" height=\"600px\" style=\"border:0;\"><\/iframe><\/p>\n\n\n\n<p><\/p>\n","protected":false},"excerpt":{"rendered":"<p>on passe d&#8217;une fiche \u00e0 l&#8217;autre en utilisant les petites fl\u00e8ches (en haut \u00e0 gauche de chaque fiche) ou avec les fl\u00e8ches du clavier en mode plein \u00e9cran (attention: on utilise la touche &#8220;esc&#8221; pour sortir du plein \u00e9cran!) et on peut aussi consulter la table des mati\u00e8res bon voyage !<\/p>\n","protected":false},"author":1,"featured_media":0,"parent":0,"menu_order":0,"comment_status":"closed","ping_status":"closed","template":"template-fullwidth.php","meta":{"footnotes":""},"_links":{"self":[{"href":"http:\/\/104e.org\/index.php?rest_route=\/wp\/v2\/pages\/880"}],"collection":[{"href":"http:\/\/104e.org\/index.php?rest_route=\/wp\/v2\/pages"}],"about":[{"href":"http:\/\/104e.org\/index.php?rest_route=\/wp\/v2\/types\/page"}],"author":[{"embeddable":true,"href":"http:\/\/104e.org\/index.php?rest_route=\/wp\/v2\/users\/1"}],"replies":[{"embeddable":true,"href":"http:\/\/104e.org\/index.php?rest_route=%2Fwp%2Fv2%2Fcomments&post=880"}],"version-history":[{"count":24,"href":"http:\/\/104e.org\/index.php?rest_route=\/wp\/v2\/pages\/880\/revisions"}],"predecessor-version":[{"id":1116,"href":"http:\/\/104e.org\/index.php?rest_route=\/wp\/v2\/pages\/880\/revisions\/1116"}],"wp:attachment":[{"href":"http:\/\/104e.org\/index.php?rest_route=%2Fwp%2Fv2%2Fmedia&parent=880"}],"curies":[{"name":"wp","href":"https:\/\/api.w.org\/{rel}","templated":true}]}}